{"id":1179,"date":"2021-02-16T20:45:11","date_gmt":"2021-02-17T01:45:11","guid":{"rendered":"https:\/\/joellebitar.ga\/?page_id=1179"},"modified":"2026-03-06T13:37:43","modified_gmt":"2026-03-06T17:37:43","slug":"sellers","status":"publish","type":"page","link":"https:\/\/joellebitar.com\/en\/sellers\/","title":{"rendered":"Sellers"},"content":{"rendered":"\r\n<div class=\"wp-block-buttons is-layout-flex wp-block-buttons-is-layout-flex\"><\/div>\r\n\r\n\r\n\r\n<div class=\"section-title\"><h3>WHY DO BUSINESS WITH<\/h3><h2>A REAL ESTATE BROKER<\/h2><\/div>\r\n\r\n\r\n\r\n<p>The answer is simple: a real estate transaction is complicated, and the more years go by, the more complex it gets: evaluating, negotiating, qualifying buyers, inspecting, filling out legal forms, discussing inclusions and exclusions, the date of occupancy, etc.<\/p>\r\n\r\n\r\n\r\n<p>Joelle Bitar is there to accompany you through each of these steps. It is a complex process that requires a lot of experience and hours of work. She has the training, experience and knowledge of the market to ensure that the transaction is done properly and that there are no surprises. She has all the necessary tools for the best marketing of your property. With Joelle Bitar, you benefit from a bold marketing plan combining a marketing strategy and state-of-the-art sales techniques. She is also surrounded by notaries, surveyors, lawyers, appraisers, inspectors and mortgage brokers. She is the perfect ally to sell your house, condo or any other type of property. In addition, by doing business with a real estate broker, you are guaranteed to be protected by the law. With Joelle and her team, you will enjoy peace of mind.<\/p>\r\n\r\n\r\n\r\n<a class=\"btn btn-remax-blue\" href=\"\/online-evaluation\">What&#8217;s your home worth?<\/a>\r\n","protected":false},"excerpt":{"rendered":"<p>WHY DO BUSINESS WITH A REAL ESTATE BROKER The answer is simple: a real estate transaction is complicated, and the more years go by, the more complex it gets: evaluating, negotiating, qualifying buyers, inspecting, filling out legal forms, discussing inclusions and exclusions, the date of occupancy, etc. Joelle Bitar is there to accompany you through [&hellip;]<\/p>\n","protected":false},"author":20,"featured_media":0,"parent":0,"menu_order":0,"comment_status":"closed","ping_status":"closed","template":"template-buy-sell.php","meta":{"_acf_changed":false,"footnotes":""},"class_list":["post-1179","page","type-page","status-publish","hentry"],"acf":[],"yoast_head":"<!-- This site is optimized with the Yoast SEO plugin v26.2 - https:\/\/yoast.com\/wordpress\/plugins\/seo\/ -->\n<title>Sellers - Joelle Bitar - Courtier Immobilier agr\u00e9\u00e9 du Groupe RE\/MAX<\/title>\n<meta name=\"description\" content=\"The Joelle Bitar team is ranked TOP 50 IN THE WORLD (Worldwide) among intermediate residential RE\/MAX teams. Source: RE\/MAX, LLC, 2025.\" \/>\n<meta name=\"robots\" content=\"index, follow, max-snippet:-1, max-image-preview:large, max-video-preview:-1\" \/>\n<meta property=\"og:locale\" content=\"en_US\" \/>\n<meta property=\"og:type\" content=\"article\" \/>\n<meta property=\"og:title\" content=\"Sellers - Joelle Bitar - Courtier Immobilier agr\u00e9\u00e9 du Groupe RE\/MAX\" \/>\n<meta property=\"og:description\" content=\"The Joelle Bitar team is ranked TOP 50 IN THE WORLD (Worldwide) among intermediate residential RE\/MAX teams. Source: RE\/MAX, LLC, 2025.\" \/>\n<meta property=\"og:url\" content=\"https:\/\/joellebitar.com\/en\/sellers\/\" \/>\n<meta property=\"og:site_name\" content=\"Joelle Bitar\" \/>\n<meta property=\"article:publisher\" content=\"https:\/\/www.facebook.com\/Joelle-Bitar-798170733572463\/\" \/>\n<meta property=\"article:modified_time\" content=\"2026-03-06T17:37:43+00:00\" \/>\n<meta property=\"og:image\" content=\"https:\/\/joellebitar.com\/wp-content\/uploads\/2023\/04\/joelle_bitar_og.jpg\" \/>\n\t<meta property=\"og:image:width\" content=\"1920\" \/>\n\t<meta property=\"og:image:height\" content=\"1080\" \/>\n\t<meta property=\"og:image:type\" content=\"image\/jpeg\" \/>\n<meta name=\"twitter:card\" content=\"summary_large_image\" \/>\n<meta name=\"twitter:site\" content=\"@MTLrealestate2\" \/>\n<meta name=\"twitter:label1\" content=\"Est. reading time\" \/>\n\t<meta name=\"twitter:data1\" content=\"1 minute\" \/>\n<script type=\"application\/ld+json\" class=\"yoast-schema-graph\">{\"@context\":\"https:\/\/schema.org\",\"@graph\":[{\"@type\":\"WebPage\",\"@id\":\"https:\/\/joellebitar.com\/en\/sellers\/\",\"url\":\"https:\/\/joellebitar.com\/en\/sellers\/\",\"name\":\"Sellers - Joelle Bitar - Courtier Immobilier agr\u00e9\u00e9 du Groupe RE\/MAX\",\"isPartOf\":{\"@id\":\"https:\/\/joellebitar.com\/en\/#website\"},\"datePublished\":\"2021-02-17T01:45:11+00:00\",\"dateModified\":\"2026-03-06T17:37:43+00:00\",\"description\":\"The Joelle Bitar team is ranked TOP 50 IN THE WORLD (Worldwide) among intermediate residential RE\/MAX teams. Source: RE\/MAX, LLC, 2025.\",\"breadcrumb\":{\"@id\":\"https:\/\/joellebitar.com\/en\/sellers\/#breadcrumb\"},\"inLanguage\":\"en-US\",\"potentialAction\":[{\"@type\":\"ReadAction\",\"target\":[\"https:\/\/joellebitar.com\/en\/sellers\/\"]}]},{\"@type\":\"BreadcrumbList\",\"@id\":\"https:\/\/joellebitar.com\/en\/sellers\/#breadcrumb\",\"itemListElement\":[{\"@type\":\"ListItem\",\"position\":1,\"name\":\"Home\",\"item\":\"https:\/\/joellebitar.com\/en\/\"},{\"@type\":\"ListItem\",\"position\":2,\"name\":\"Sellers\"}]},{\"@type\":\"WebSite\",\"@id\":\"https:\/\/joellebitar.com\/en\/#website\",\"url\":\"https:\/\/joellebitar.com\/en\/\",\"name\":\"Joelle Bitar\",\"description\":\"Courtier Immobilier agr\u00e9\u00e9 du Groupe RE\/MAX\",\"publisher\":{\"@id\":\"https:\/\/joellebitar.com\/en\/#organization\"},\"potentialAction\":[{\"@type\":\"SearchAction\",\"target\":{\"@type\":\"EntryPoint\",\"urlTemplate\":\"https:\/\/joellebitar.com\/en\/?s={search_term_string}\"},\"query-input\":{\"@type\":\"PropertyValueSpecification\",\"valueRequired\":true,\"valueName\":\"search_term_string\"}}],\"inLanguage\":\"en-US\"},{\"@type\":\"Organization\",\"@id\":\"https:\/\/joellebitar.com\/en\/#organization\",\"name\":\"\u00e9quipe Immobili\u00e8re Jo\u00eblle Bitar\",\"alternateName\":\"Joelle Bitar\",\"url\":\"https:\/\/joellebitar.com\/en\/\",\"logo\":{\"@type\":\"ImageObject\",\"inLanguage\":\"en-US\",\"@id\":\"https:\/\/joellebitar.com\/en\/#\/schema\/logo\/image\/\",\"url\":\"https:\/\/joellebitar.com\/wp-content\/uploads\/2022\/12\/logo_color_fr.png\",\"contentUrl\":\"https:\/\/joellebitar.com\/wp-content\/uploads\/2022\/12\/logo_color_fr.png\",\"width\":1157,\"height\":282,\"caption\":\"\u00e9quipe Immobili\u00e8re Jo\u00eblle Bitar\"},\"image\":{\"@id\":\"https:\/\/joellebitar.com\/en\/#\/schema\/logo\/image\/\"},\"sameAs\":[\"https:\/\/www.facebook.com\/Joelle-Bitar-798170733572463\/\",\"https:\/\/x.com\/MTLrealestate2\",\"https:\/\/www.instagram.com\/joellebitar\/\",\"https:\/\/www.linkedin.com\/company\/jo\u00eblle-bitar-dirigeante-et-courtier-immobilier-agr\u00e9\u00e9\/posts\/?feedView=all\"]}]}<\/script>\n<!-- \/ Yoast SEO plugin. -->","yoast_head_json":{"title":"Sellers - Joelle Bitar - Courtier Immobilier agr\u00e9\u00e9 du Groupe RE\/MAX","description":"The Joelle Bitar team is ranked TOP 50 IN THE WORLD (Worldwide) among intermediate residential RE\/MAX teams. Source: RE\/MAX, LLC, 2025.","robots":{"index":"index","follow":"follow","max-snippet":"max-snippet:-1","max-image-preview":"max-image-preview:large","max-video-preview":"max-video-preview:-1"},"og_locale":"en_US","og_type":"article","og_title":"Sellers - Joelle Bitar - Courtier Immobilier agr\u00e9\u00e9 du Groupe RE\/MAX","og_description":"The Joelle Bitar team is ranked TOP 50 IN THE WORLD (Worldwide) among intermediate residential RE\/MAX teams. Source: RE\/MAX, LLC, 2025.","og_url":"https:\/\/joellebitar.com\/en\/sellers\/","og_site_name":"Joelle Bitar","article_publisher":"https:\/\/www.facebook.com\/Joelle-Bitar-798170733572463\/","article_modified_time":"2026-03-06T17:37:43+00:00","og_image":[{"width":1920,"height":1080,"url":"https:\/\/joellebitar.com\/wp-content\/uploads\/2023\/04\/joelle_bitar_og.jpg","type":"image\/jpeg"}],"twitter_card":"summary_large_image","twitter_site":"@MTLrealestate2","twitter_misc":{"Est. reading time":"1 minute"},"schema":{"@context":"https:\/\/schema.org","@graph":[{"@type":"WebPage","@id":"https:\/\/joellebitar.com\/en\/sellers\/","url":"https:\/\/joellebitar.com\/en\/sellers\/","name":"Sellers - Joelle Bitar - Courtier Immobilier agr\u00e9\u00e9 du Groupe RE\/MAX","isPartOf":{"@id":"https:\/\/joellebitar.com\/en\/#website"},"datePublished":"2021-02-17T01:45:11+00:00","dateModified":"2026-03-06T17:37:43+00:00","description":"The Joelle Bitar team is ranked TOP 50 IN THE WORLD (Worldwide) among intermediate residential RE\/MAX teams. Source: RE\/MAX, LLC, 2025.","breadcrumb":{"@id":"https:\/\/joellebitar.com\/en\/sellers\/#breadcrumb"},"inLanguage":"en-US","potentialAction":[{"@type":"ReadAction","target":["https:\/\/joellebitar.com\/en\/sellers\/"]}]},{"@type":"BreadcrumbList","@id":"https:\/\/joellebitar.com\/en\/sellers\/#breadcrumb","itemListElement":[{"@type":"ListItem","position":1,"name":"Home","item":"https:\/\/joellebitar.com\/en\/"},{"@type":"ListItem","position":2,"name":"Sellers"}]},{"@type":"WebSite","@id":"https:\/\/joellebitar.com\/en\/#website","url":"https:\/\/joellebitar.com\/en\/","name":"Joelle Bitar","description":"Courtier Immobilier agr\u00e9\u00e9 du Groupe RE\/MAX","publisher":{"@id":"https:\/\/joellebitar.com\/en\/#organization"},"potentialAction":[{"@type":"SearchAction","target":{"@type":"EntryPoint","urlTemplate":"https:\/\/joellebitar.com\/en\/?s={search_term_string}"},"query-input":{"@type":"PropertyValueSpecification","valueRequired":true,"valueName":"search_term_string"}}],"inLanguage":"en-US"},{"@type":"Organization","@id":"https:\/\/joellebitar.com\/en\/#organization","name":"\u00e9quipe Immobili\u00e8re Jo\u00eblle Bitar","alternateName":"Joelle Bitar","url":"https:\/\/joellebitar.com\/en\/","logo":{"@type":"ImageObject","inLanguage":"en-US","@id":"https:\/\/joellebitar.com\/en\/#\/schema\/logo\/image\/","url":"https:\/\/joellebitar.com\/wp-content\/uploads\/2022\/12\/logo_color_fr.png","contentUrl":"https:\/\/joellebitar.com\/wp-content\/uploads\/2022\/12\/logo_color_fr.png","width":1157,"height":282,"caption":"\u00e9quipe Immobili\u00e8re Jo\u00eblle Bitar"},"image":{"@id":"https:\/\/joellebitar.com\/en\/#\/schema\/logo\/image\/"},"sameAs":["https:\/\/www.facebook.com\/Joelle-Bitar-798170733572463\/","https:\/\/x.com\/MTLrealestate2","https:\/\/www.instagram.com\/joellebitar\/","https:\/\/www.linkedin.com\/company\/jo\u00eblle-bitar-dirigeante-et-courtier-immobilier-agr\u00e9\u00e9\/posts\/?feedView=all"]}]}},"_links":{"self":[{"href":"https:\/\/joellebitar.com\/en\/wp-json\/wp\/v2\/pages\/1179","targetHints":{"allow":["GET"]}}],"collection":[{"href":"https:\/\/joellebitar.com\/en\/wp-json\/wp\/v2\/pages"}],"about":[{"href":"https:\/\/joellebitar.com\/en\/wp-json\/wp\/v2\/types\/page"}],"author":[{"embeddable":true,"href":"https:\/\/joellebitar.com\/en\/wp-json\/wp\/v2\/users\/20"}],"replies":[{"embeddable":true,"href":"https:\/\/joellebitar.com\/en\/wp-json\/wp\/v2\/comments?post=1179"}],"version-history":[{"count":1,"href":"https:\/\/joellebitar.com\/en\/wp-json\/wp\/v2\/pages\/1179\/revisions"}],"predecessor-version":[{"id":22775,"href":"https:\/\/joellebitar.com\/en\/wp-json\/wp\/v2\/pages\/1179\/revisions\/22775"}],"wp:attachment":[{"href":"https:\/\/joellebitar.com\/en\/wp-json\/wp\/v2\/media?parent=1179"}],"curies":[{"name":"wp","href":"https:\/\/api.w.org\/{rel}","templated":true}]}}