{"id":1666,"date":"2021-02-23T15:52:24","date_gmt":"2021-02-23T20:52:24","guid":{"rendered":"https:\/\/joellebitar.ga\/?page_id=1666"},"modified":"2026-03-06T13:38:16","modified_gmt":"2026-03-06T17:38:16","slug":"home-staging","status":"publish","type":"page","link":"https:\/\/joellebitar.com\/en\/home-staging\/","title":{"rendered":"Home Staging"},"content":{"rendered":"\r\n\r\n<div class=\"row before-after\">\r\n    <div class=\"col-12 col-lg-6\">\r\n        <img decoding=\"async\" class=\"home-staging-img before\" src=\"https:\/\/joellebitar.com\/wp-content\/uploads\/2021\/02\/before-58c1a849ee2d0.jpeg\" \/>\r\n        <div class=\"home-staging-tag\">Before<\/div>\r\n    <\/div>\r\n    <div class=\"col-12 col-lg-6\">\r\n        <img decoding=\"async\" class=\"home-staging-img after\" src=\"https:\/\/joellebitar.com\/wp-content\/uploads\/2021\/02\/after-58c1a849f1eb0.jpeg\" \/>\r\n        <div class=\"home-staging-tag\">After<\/div>\r\n    <\/div>\r\n<\/div>\r\n\r\n<div class=\"row before-after\">\r\n    <div class=\"col-12 col-lg-6\">\r\n        <img decoding=\"async\" class=\"home-staging-img before\" src=\"https:\/\/joellebitar.com\/wp-content\/uploads\/2021\/02\/before-58c1a859333ae.jpeg\" \/>\r\n        <div class=\"home-staging-tag\">Before<\/div>\r\n    <\/div>\r\n    <div class=\"col-12 col-lg-6\">\r\n        <img decoding=\"async\" class=\"home-staging-img after\" src=\"https:\/\/joellebitar.com\/wp-content\/uploads\/2021\/02\/after-58c1a85934981.jpeg\" \/>\r\n        <div class=\"home-staging-tag\">After<\/div>\r\n    <\/div>\r\n<\/div>\r\n\r\n<div class=\"row before-after\">\r\n    <div class=\"col-12 col-lg-6\">\r\n        <img decoding=\"async\" class=\"home-staging-img before\" src=\"https:\/\/joellebitar.com\/wp-content\/uploads\/2021\/02\/before-58c1a8691c588.jpeg\" \/>\r\n        <div class=\"home-staging-tag\">Before<\/div>\r\n    <\/div>\r\n    <div class=\"col-12 col-lg-6\">\r\n        <img decoding=\"async\" class=\"home-staging-img after\" src=\"https:\/\/joellebitar.com\/wp-content\/uploads\/2021\/02\/after-58c1a8691d672.jpeg\" \/>\r\n        <div class=\"home-staging-tag\">After<\/div>\r\n    <\/div>\r\n<\/div>\r\n\r\n\r\n","protected":false},"excerpt":{"rendered":"","protected":false},"author":20,"featured_media":1717,"parent":0,"menu_order":0,"comment_status":"closed","ping_status":"closed","template":"template-no-sidebar.php","meta":{"_acf_changed":false,"footnotes":""},"class_list":["post-1666","page","type-page","status-publish","has-post-thumbnail","hentry"],"acf":[],"yoast_head":"<!-- This site is optimized with the Yoast SEO plugin v26.2 - https:\/\/yoast.com\/wordpress\/plugins\/seo\/ -->\n<title>Home Staging - Joelle Bitar - Courtier Immobilier agr\u00e9\u00e9 du Groupe RE\/MAX<\/title>\n<meta name=\"description\" content=\"The Joelle Bitar team is ranked TOP 50 IN THE WORLD (Worldwide) among intermediate residential RE\/MAX teams. Source: RE\/MAX, LLC, 2025.\" \/>\n<meta name=\"robots\" content=\"index, follow, max-snippet:-1, max-image-preview:large, max-video-preview:-1\" \/>\n<meta property=\"og:locale\" content=\"en_US\" \/>\n<meta property=\"og:type\" content=\"article\" \/>\n<meta property=\"og:title\" content=\"Home Staging - Joelle Bitar - Courtier Immobilier agr\u00e9\u00e9 du Groupe RE\/MAX\" \/>\n<meta property=\"og:description\" content=\"The Joelle Bitar team is ranked TOP 50 IN THE WORLD (Worldwide) among intermediate residential RE\/MAX teams. Source: RE\/MAX, LLC, 2025.\" \/>\n<meta property=\"og:url\" content=\"https:\/\/joellebitar.com\/en\/home-staging\/\" \/>\n<meta property=\"og:site_name\" content=\"Joelle Bitar\" \/>\n<meta property=\"article:publisher\" content=\"https:\/\/www.facebook.com\/Joelle-Bitar-798170733572463\/\" \/>\n<meta property=\"article:modified_time\" content=\"2026-03-06T17:38:16+00:00\" \/>\n<meta property=\"og:image\" content=\"https:\/\/joellebitar.com\/wp-content\/uploads\/2021\/02\/bg_banner_homestaging.jpg\" \/>\n\t<meta property=\"og:image:width\" content=\"2000\" \/>\n\t<meta property=\"og:image:height\" content=\"600\" \/>\n\t<meta property=\"og:image:type\" content=\"image\/jpeg\" \/>\n<meta name=\"twitter:card\" content=\"summary_large_image\" \/>\n<meta name=\"twitter:site\" content=\"@MTLrealestate2\" \/>\n<meta name=\"twitter:label1\" content=\"Est. reading time\" \/>\n\t<meta name=\"twitter:data1\" content=\"1 minute\" \/>\n<script type=\"application\/ld+json\" class=\"yoast-schema-graph\">{\"@context\":\"https:\/\/schema.org\",\"@graph\":[{\"@type\":\"WebPage\",\"@id\":\"https:\/\/joellebitar.com\/en\/home-staging\/\",\"url\":\"https:\/\/joellebitar.com\/en\/home-staging\/\",\"name\":\"Home Staging - Joelle Bitar - Courtier Immobilier agr\u00e9\u00e9 du Groupe RE\/MAX\",\"isPartOf\":{\"@id\":\"https:\/\/joellebitar.com\/en\/#website\"},\"primaryImageOfPage\":{\"@id\":\"https:\/\/joellebitar.com\/en\/home-staging\/#primaryimage\"},\"image\":{\"@id\":\"https:\/\/joellebitar.com\/en\/home-staging\/#primaryimage\"},\"thumbnailUrl\":\"https:\/\/joellebitar.com\/wp-content\/uploads\/2021\/02\/bg_banner_homestaging.jpg\",\"datePublished\":\"2021-02-23T20:52:24+00:00\",\"dateModified\":\"2026-03-06T17:38:16+00:00\",\"description\":\"The Joelle Bitar team is ranked TOP 50 IN THE WORLD (Worldwide) among intermediate residential RE\/MAX teams. Source: RE\/MAX, LLC, 2025.\",\"breadcrumb\":{\"@id\":\"https:\/\/joellebitar.com\/en\/home-staging\/#breadcrumb\"},\"inLanguage\":\"en-US\",\"potentialAction\":[{\"@type\":\"ReadAction\",\"target\":[\"https:\/\/joellebitar.com\/en\/home-staging\/\"]}]},{\"@type\":\"ImageObject\",\"inLanguage\":\"en-US\",\"@id\":\"https:\/\/joellebitar.com\/en\/home-staging\/#primaryimage\",\"url\":\"https:\/\/joellebitar.com\/wp-content\/uploads\/2021\/02\/bg_banner_homestaging.jpg\",\"contentUrl\":\"https:\/\/joellebitar.com\/wp-content\/uploads\/2021\/02\/bg_banner_homestaging.jpg\",\"width\":2000,\"height\":600},{\"@type\":\"BreadcrumbList\",\"@id\":\"https:\/\/joellebitar.com\/en\/home-staging\/#breadcrumb\",\"itemListElement\":[{\"@type\":\"ListItem\",\"position\":1,\"name\":\"Home\",\"item\":\"https:\/\/joellebitar.com\/en\/\"},{\"@type\":\"ListItem\",\"position\":2,\"name\":\"Home Staging\"}]},{\"@type\":\"WebSite\",\"@id\":\"https:\/\/joellebitar.com\/en\/#website\",\"url\":\"https:\/\/joellebitar.com\/en\/\",\"name\":\"Joelle Bitar\",\"description\":\"Courtier Immobilier agr\u00e9\u00e9 du Groupe RE\/MAX\",\"publisher\":{\"@id\":\"https:\/\/joellebitar.com\/en\/#organization\"},\"potentialAction\":[{\"@type\":\"SearchAction\",\"target\":{\"@type\":\"EntryPoint\",\"urlTemplate\":\"https:\/\/joellebitar.com\/en\/?s={search_term_string}\"},\"query-input\":{\"@type\":\"PropertyValueSpecification\",\"valueRequired\":true,\"valueName\":\"search_term_string\"}}],\"inLanguage\":\"en-US\"},{\"@type\":\"Organization\",\"@id\":\"https:\/\/joellebitar.com\/en\/#organization\",\"name\":\"\u00e9quipe Immobili\u00e8re Jo\u00eblle Bitar\",\"alternateName\":\"Joelle Bitar\",\"url\":\"https:\/\/joellebitar.com\/en\/\",\"logo\":{\"@type\":\"ImageObject\",\"inLanguage\":\"en-US\",\"@id\":\"https:\/\/joellebitar.com\/en\/#\/schema\/logo\/image\/\",\"url\":\"https:\/\/joellebitar.com\/wp-content\/uploads\/2022\/12\/logo_color_fr.png\",\"contentUrl\":\"https:\/\/joellebitar.com\/wp-content\/uploads\/2022\/12\/logo_color_fr.png\",\"width\":1157,\"height\":282,\"caption\":\"\u00e9quipe Immobili\u00e8re Jo\u00eblle Bitar\"},\"image\":{\"@id\":\"https:\/\/joellebitar.com\/en\/#\/schema\/logo\/image\/\"},\"sameAs\":[\"https:\/\/www.facebook.com\/Joelle-Bitar-798170733572463\/\",\"https:\/\/x.com\/MTLrealestate2\",\"https:\/\/www.instagram.com\/joellebitar\/\",\"https:\/\/www.linkedin.com\/company\/jo\u00eblle-bitar-dirigeante-et-courtier-immobilier-agr\u00e9\u00e9\/posts\/?feedView=all\"]}]}<\/script>\n<!-- \/ Yoast SEO plugin. -->","yoast_head_json":{"title":"Home Staging - Joelle Bitar - Courtier Immobilier agr\u00e9\u00e9 du Groupe RE\/MAX","description":"The Joelle Bitar team is ranked TOP 50 IN THE WORLD (Worldwide) among intermediate residential RE\/MAX teams. Source: RE\/MAX, LLC, 2025.","robots":{"index":"index","follow":"follow","max-snippet":"max-snippet:-1","max-image-preview":"max-image-preview:large","max-video-preview":"max-video-preview:-1"},"og_locale":"en_US","og_type":"article","og_title":"Home Staging - Joelle Bitar - Courtier Immobilier agr\u00e9\u00e9 du Groupe RE\/MAX","og_description":"The Joelle Bitar team is ranked TOP 50 IN THE WORLD (Worldwide) among intermediate residential RE\/MAX teams. Source: RE\/MAX, LLC, 2025.","og_url":"https:\/\/joellebitar.com\/en\/home-staging\/","og_site_name":"Joelle Bitar","article_publisher":"https:\/\/www.facebook.com\/Joelle-Bitar-798170733572463\/","article_modified_time":"2026-03-06T17:38:16+00:00","og_image":[{"width":2000,"height":600,"url":"https:\/\/joellebitar.com\/wp-content\/uploads\/2021\/02\/bg_banner_homestaging.jpg","type":"image\/jpeg"}],"twitter_card":"summary_large_image","twitter_site":"@MTLrealestate2","twitter_misc":{"Est. reading time":"1 minute"},"schema":{"@context":"https:\/\/schema.org","@graph":[{"@type":"WebPage","@id":"https:\/\/joellebitar.com\/en\/home-staging\/","url":"https:\/\/joellebitar.com\/en\/home-staging\/","name":"Home Staging - Joelle Bitar - Courtier Immobilier agr\u00e9\u00e9 du Groupe RE\/MAX","isPartOf":{"@id":"https:\/\/joellebitar.com\/en\/#website"},"primaryImageOfPage":{"@id":"https:\/\/joellebitar.com\/en\/home-staging\/#primaryimage"},"image":{"@id":"https:\/\/joellebitar.com\/en\/home-staging\/#primaryimage"},"thumbnailUrl":"https:\/\/joellebitar.com\/wp-content\/uploads\/2021\/02\/bg_banner_homestaging.jpg","datePublished":"2021-02-23T20:52:24+00:00","dateModified":"2026-03-06T17:38:16+00:00","description":"The Joelle Bitar team is ranked TOP 50 IN THE WORLD (Worldwide) among intermediate residential RE\/MAX teams. Source: RE\/MAX, LLC, 2025.","breadcrumb":{"@id":"https:\/\/joellebitar.com\/en\/home-staging\/#breadcrumb"},"inLanguage":"en-US","potentialAction":[{"@type":"ReadAction","target":["https:\/\/joellebitar.com\/en\/home-staging\/"]}]},{"@type":"ImageObject","inLanguage":"en-US","@id":"https:\/\/joellebitar.com\/en\/home-staging\/#primaryimage","url":"https:\/\/joellebitar.com\/wp-content\/uploads\/2021\/02\/bg_banner_homestaging.jpg","contentUrl":"https:\/\/joellebitar.com\/wp-content\/uploads\/2021\/02\/bg_banner_homestaging.jpg","width":2000,"height":600},{"@type":"BreadcrumbList","@id":"https:\/\/joellebitar.com\/en\/home-staging\/#breadcrumb","itemListElement":[{"@type":"ListItem","position":1,"name":"Home","item":"https:\/\/joellebitar.com\/en\/"},{"@type":"ListItem","position":2,"name":"Home Staging"}]},{"@type":"WebSite","@id":"https:\/\/joellebitar.com\/en\/#website","url":"https:\/\/joellebitar.com\/en\/","name":"Joelle Bitar","description":"Courtier Immobilier agr\u00e9\u00e9 du Groupe RE\/MAX","publisher":{"@id":"https:\/\/joellebitar.com\/en\/#organization"},"potentialAction":[{"@type":"SearchAction","target":{"@type":"EntryPoint","urlTemplate":"https:\/\/joellebitar.com\/en\/?s={search_term_string}"},"query-input":{"@type":"PropertyValueSpecification","valueRequired":true,"valueName":"search_term_string"}}],"inLanguage":"en-US"},{"@type":"Organization","@id":"https:\/\/joellebitar.com\/en\/#organization","name":"\u00e9quipe Immobili\u00e8re Jo\u00eblle Bitar","alternateName":"Joelle Bitar","url":"https:\/\/joellebitar.com\/en\/","logo":{"@type":"ImageObject","inLanguage":"en-US","@id":"https:\/\/joellebitar.com\/en\/#\/schema\/logo\/image\/","url":"https:\/\/joellebitar.com\/wp-content\/uploads\/2022\/12\/logo_color_fr.png","contentUrl":"https:\/\/joellebitar.com\/wp-content\/uploads\/2022\/12\/logo_color_fr.png","width":1157,"height":282,"caption":"\u00e9quipe Immobili\u00e8re Jo\u00eblle Bitar"},"image":{"@id":"https:\/\/joellebitar.com\/en\/#\/schema\/logo\/image\/"},"sameAs":["https:\/\/www.facebook.com\/Joelle-Bitar-798170733572463\/","https:\/\/x.com\/MTLrealestate2","https:\/\/www.instagram.com\/joellebitar\/","https:\/\/www.linkedin.com\/company\/jo\u00eblle-bitar-dirigeante-et-courtier-immobilier-agr\u00e9\u00e9\/posts\/?feedView=all"]}]}},"_links":{"self":[{"href":"https:\/\/joellebitar.com\/en\/wp-json\/wp\/v2\/pages\/1666","targetHints":{"allow":["GET"]}}],"collection":[{"href":"https:\/\/joellebitar.com\/en\/wp-json\/wp\/v2\/pages"}],"about":[{"href":"https:\/\/joellebitar.com\/en\/wp-json\/wp\/v2\/types\/page"}],"author":[{"embeddable":true,"href":"https:\/\/joellebitar.com\/en\/wp-json\/wp\/v2\/users\/20"}],"replies":[{"embeddable":true,"href":"https:\/\/joellebitar.com\/en\/wp-json\/wp\/v2\/comments?post=1666"}],"version-history":[{"count":1,"href":"https:\/\/joellebitar.com\/en\/wp-json\/wp\/v2\/pages\/1666\/revisions"}],"predecessor-version":[{"id":22778,"href":"https:\/\/joellebitar.com\/en\/wp-json\/wp\/v2\/pages\/1666\/revisions\/22778"}],"wp:featuredmedia":[{"embeddable":true,"href":"https:\/\/joellebitar.com\/en\/wp-json\/wp\/v2\/media\/1717"}],"wp:attachment":[{"href":"https:\/\/joellebitar.com\/en\/wp-json\/wp\/v2\/media?parent=1666"}],"curies":[{"name":"wp","href":"https:\/\/api.w.org\/{rel}","templated":true}]}}