{"id":260,"date":"2021-02-16T12:59:20","date_gmt":"2021-02-16T17:59:20","guid":{"rendered":"https:\/\/joellebitar.ga\/?page_id=260"},"modified":"2026-03-06T13:37:34","modified_gmt":"2026-03-06T17:37:34","slug":"buyers","status":"publish","type":"page","link":"https:\/\/joellebitar.com\/en\/buyers\/","title":{"rendered":"Buyers"},"content":{"rendered":"\r\n<div class=\"section-title\"><h3>WHY DO BUSINESS WITH<\/h3><h2>A REAL ESTATE BROKER<\/h2><\/div>\r\n\r\n\r\n\r\n<p>Buying a house, condo or any other type of property is, for most people, the biggest investment of their lives. Searches, visits, offers, negotiations, counter-offers, commercial, legal and financial aspects, the process is far from simple. The professional services of a real estate broker contribute to the success of each step of the purchase transaction. In addition, doing business with a real estate broker ensures that you are protected by law. It is important to remember that as a buyer, the client will not have to pay any fees for the services of the real estate broker, since these services are provided by the seller. So, why do without and deprive yourself of dealing with the best broker?<\/p>\r\n\r\n\r\n\r\n<p>Joelle Bitar and her team are there to represent you and guide you in your real estate projects. Before starting the research, it is important to know your needs and to have a mortgage pre-approval to have a clear idea of the property you want and the budget you have. Then, we will start the research to locate the property of your dreams. We will be there to guide you from start to finish.<\/p>\r\n","protected":false},"excerpt":{"rendered":"<p>WHY DO BUSINESS WITH A REAL ESTATE BROKER Buying a house, condo or any other type of property is, for most people, the biggest investment of their lives. Searches, visits, offers, negotiations, counter-offers, commercial, legal and financial aspects, the process is far from simple. The professional services of a real estate broker contribute to the [&hellip;]<\/p>\n","protected":false},"author":20,"featured_media":0,"parent":0,"menu_order":0,"comment_status":"closed","ping_status":"closed","template":"template-buy-sell.php","meta":{"_acf_changed":false,"footnotes":""},"class_list":["post-260","page","type-page","status-publish","hentry"],"acf":[],"yoast_head":"<!-- This site is optimized with the Yoast SEO plugin v26.2 - https:\/\/yoast.com\/wordpress\/plugins\/seo\/ -->\n<title>Buyers - Joelle Bitar - Courtier Immobilier agr\u00e9\u00e9 du Groupe RE\/MAX<\/title>\n<meta name=\"description\" content=\"The Joelle Bitar team is ranked TOP 50 IN THE WORLD (Worldwide) among intermediate residential RE\/MAX teams. Source: RE\/MAX, LLC, 2025.\" \/>\n<meta name=\"robots\" content=\"index, follow, max-snippet:-1, max-image-preview:large, max-video-preview:-1\" \/>\n<meta property=\"og:locale\" content=\"en_US\" \/>\n<meta property=\"og:type\" content=\"article\" \/>\n<meta property=\"og:title\" content=\"Buyers - Joelle Bitar - Courtier Immobilier agr\u00e9\u00e9 du Groupe RE\/MAX\" \/>\n<meta property=\"og:description\" content=\"The Joelle Bitar team is ranked TOP 50 IN THE WORLD (Worldwide) among intermediate residential RE\/MAX teams. Source: RE\/MAX, LLC, 2025.\" \/>\n<meta property=\"og:url\" content=\"https:\/\/joellebitar.com\/en\/buyers\/\" \/>\n<meta property=\"og:site_name\" content=\"Joelle Bitar\" \/>\n<meta property=\"article:publisher\" content=\"https:\/\/www.facebook.com\/Joelle-Bitar-798170733572463\/\" \/>\n<meta property=\"article:modified_time\" content=\"2026-03-06T17:37:34+00:00\" \/>\n<meta property=\"og:image\" content=\"https:\/\/joellebitar.com\/wp-content\/uploads\/2023\/04\/joelle_bitar_og.jpg\" \/>\n\t<meta property=\"og:image:width\" content=\"1920\" \/>\n\t<meta property=\"og:image:height\" content=\"1080\" \/>\n\t<meta property=\"og:image:type\" content=\"image\/jpeg\" \/>\n<meta name=\"twitter:card\" content=\"summary_large_image\" \/>\n<meta name=\"twitter:site\" content=\"@MTLrealestate2\" \/>\n<meta name=\"twitter:label1\" content=\"Est. reading time\" \/>\n\t<meta name=\"twitter:data1\" content=\"1 minute\" \/>\n<script type=\"application\/ld+json\" class=\"yoast-schema-graph\">{\"@context\":\"https:\/\/schema.org\",\"@graph\":[{\"@type\":\"WebPage\",\"@id\":\"https:\/\/joellebitar.com\/en\/buyers\/\",\"url\":\"https:\/\/joellebitar.com\/en\/buyers\/\",\"name\":\"Buyers - Joelle Bitar - Courtier Immobilier agr\u00e9\u00e9 du Groupe RE\/MAX\",\"isPartOf\":{\"@id\":\"https:\/\/joellebitar.com\/en\/#website\"},\"datePublished\":\"2021-02-16T17:59:20+00:00\",\"dateModified\":\"2026-03-06T17:37:34+00:00\",\"description\":\"The Joelle Bitar team is ranked TOP 50 IN THE WORLD (Worldwide) among intermediate residential RE\/MAX teams. Source: RE\/MAX, LLC, 2025.\",\"breadcrumb\":{\"@id\":\"https:\/\/joellebitar.com\/en\/buyers\/#breadcrumb\"},\"inLanguage\":\"en-US\",\"potentialAction\":[{\"@type\":\"ReadAction\",\"target\":[\"https:\/\/joellebitar.com\/en\/buyers\/\"]}]},{\"@type\":\"BreadcrumbList\",\"@id\":\"https:\/\/joellebitar.com\/en\/buyers\/#breadcrumb\",\"itemListElement\":[{\"@type\":\"ListItem\",\"position\":1,\"name\":\"Home\",\"item\":\"https:\/\/joellebitar.com\/en\/\"},{\"@type\":\"ListItem\",\"position\":2,\"name\":\"Buyers\"}]},{\"@type\":\"WebSite\",\"@id\":\"https:\/\/joellebitar.com\/en\/#website\",\"url\":\"https:\/\/joellebitar.com\/en\/\",\"name\":\"Joelle Bitar\",\"description\":\"Courtier Immobilier agr\u00e9\u00e9 du Groupe RE\/MAX\",\"publisher\":{\"@id\":\"https:\/\/joellebitar.com\/en\/#organization\"},\"potentialAction\":[{\"@type\":\"SearchAction\",\"target\":{\"@type\":\"EntryPoint\",\"urlTemplate\":\"https:\/\/joellebitar.com\/en\/?s={search_term_string}\"},\"query-input\":{\"@type\":\"PropertyValueSpecification\",\"valueRequired\":true,\"valueName\":\"search_term_string\"}}],\"inLanguage\":\"en-US\"},{\"@type\":\"Organization\",\"@id\":\"https:\/\/joellebitar.com\/en\/#organization\",\"name\":\"\u00e9quipe Immobili\u00e8re Jo\u00eblle Bitar\",\"alternateName\":\"Joelle Bitar\",\"url\":\"https:\/\/joellebitar.com\/en\/\",\"logo\":{\"@type\":\"ImageObject\",\"inLanguage\":\"en-US\",\"@id\":\"https:\/\/joellebitar.com\/en\/#\/schema\/logo\/image\/\",\"url\":\"https:\/\/joellebitar.com\/wp-content\/uploads\/2022\/12\/logo_color_fr.png\",\"contentUrl\":\"https:\/\/joellebitar.com\/wp-content\/uploads\/2022\/12\/logo_color_fr.png\",\"width\":1157,\"height\":282,\"caption\":\"\u00e9quipe Immobili\u00e8re Jo\u00eblle Bitar\"},\"image\":{\"@id\":\"https:\/\/joellebitar.com\/en\/#\/schema\/logo\/image\/\"},\"sameAs\":[\"https:\/\/www.facebook.com\/Joelle-Bitar-798170733572463\/\",\"https:\/\/x.com\/MTLrealestate2\",\"https:\/\/www.instagram.com\/joellebitar\/\",\"https:\/\/www.linkedin.com\/company\/jo\u00eblle-bitar-dirigeante-et-courtier-immobilier-agr\u00e9\u00e9\/posts\/?feedView=all\"]}]}<\/script>\n<!-- \/ Yoast SEO plugin. -->","yoast_head_json":{"title":"Buyers - Joelle Bitar - Courtier Immobilier agr\u00e9\u00e9 du Groupe RE\/MAX","description":"The Joelle Bitar team is ranked TOP 50 IN THE WORLD (Worldwide) among intermediate residential RE\/MAX teams. Source: RE\/MAX, LLC, 2025.","robots":{"index":"index","follow":"follow","max-snippet":"max-snippet:-1","max-image-preview":"max-image-preview:large","max-video-preview":"max-video-preview:-1"},"og_locale":"en_US","og_type":"article","og_title":"Buyers - Joelle Bitar - Courtier Immobilier agr\u00e9\u00e9 du Groupe RE\/MAX","og_description":"The Joelle Bitar team is ranked TOP 50 IN THE WORLD (Worldwide) among intermediate residential RE\/MAX teams. Source: RE\/MAX, LLC, 2025.","og_url":"https:\/\/joellebitar.com\/en\/buyers\/","og_site_name":"Joelle Bitar","article_publisher":"https:\/\/www.facebook.com\/Joelle-Bitar-798170733572463\/","article_modified_time":"2026-03-06T17:37:34+00:00","og_image":[{"width":1920,"height":1080,"url":"https:\/\/joellebitar.com\/wp-content\/uploads\/2023\/04\/joelle_bitar_og.jpg","type":"image\/jpeg"}],"twitter_card":"summary_large_image","twitter_site":"@MTLrealestate2","twitter_misc":{"Est. reading time":"1 minute"},"schema":{"@context":"https:\/\/schema.org","@graph":[{"@type":"WebPage","@id":"https:\/\/joellebitar.com\/en\/buyers\/","url":"https:\/\/joellebitar.com\/en\/buyers\/","name":"Buyers - Joelle Bitar - Courtier Immobilier agr\u00e9\u00e9 du Groupe RE\/MAX","isPartOf":{"@id":"https:\/\/joellebitar.com\/en\/#website"},"datePublished":"2021-02-16T17:59:20+00:00","dateModified":"2026-03-06T17:37:34+00:00","description":"The Joelle Bitar team is ranked TOP 50 IN THE WORLD (Worldwide) among intermediate residential RE\/MAX teams. Source: RE\/MAX, LLC, 2025.","breadcrumb":{"@id":"https:\/\/joellebitar.com\/en\/buyers\/#breadcrumb"},"inLanguage":"en-US","potentialAction":[{"@type":"ReadAction","target":["https:\/\/joellebitar.com\/en\/buyers\/"]}]},{"@type":"BreadcrumbList","@id":"https:\/\/joellebitar.com\/en\/buyers\/#breadcrumb","itemListElement":[{"@type":"ListItem","position":1,"name":"Home","item":"https:\/\/joellebitar.com\/en\/"},{"@type":"ListItem","position":2,"name":"Buyers"}]},{"@type":"WebSite","@id":"https:\/\/joellebitar.com\/en\/#website","url":"https:\/\/joellebitar.com\/en\/","name":"Joelle Bitar","description":"Courtier Immobilier agr\u00e9\u00e9 du Groupe RE\/MAX","publisher":{"@id":"https:\/\/joellebitar.com\/en\/#organization"},"potentialAction":[{"@type":"SearchAction","target":{"@type":"EntryPoint","urlTemplate":"https:\/\/joellebitar.com\/en\/?s={search_term_string}"},"query-input":{"@type":"PropertyValueSpecification","valueRequired":true,"valueName":"search_term_string"}}],"inLanguage":"en-US"},{"@type":"Organization","@id":"https:\/\/joellebitar.com\/en\/#organization","name":"\u00e9quipe Immobili\u00e8re Jo\u00eblle Bitar","alternateName":"Joelle Bitar","url":"https:\/\/joellebitar.com\/en\/","logo":{"@type":"ImageObject","inLanguage":"en-US","@id":"https:\/\/joellebitar.com\/en\/#\/schema\/logo\/image\/","url":"https:\/\/joellebitar.com\/wp-content\/uploads\/2022\/12\/logo_color_fr.png","contentUrl":"https:\/\/joellebitar.com\/wp-content\/uploads\/2022\/12\/logo_color_fr.png","width":1157,"height":282,"caption":"\u00e9quipe Immobili\u00e8re Jo\u00eblle Bitar"},"image":{"@id":"https:\/\/joellebitar.com\/en\/#\/schema\/logo\/image\/"},"sameAs":["https:\/\/www.facebook.com\/Joelle-Bitar-798170733572463\/","https:\/\/x.com\/MTLrealestate2","https:\/\/www.instagram.com\/joellebitar\/","https:\/\/www.linkedin.com\/company\/jo\u00eblle-bitar-dirigeante-et-courtier-immobilier-agr\u00e9\u00e9\/posts\/?feedView=all"]}]}},"_links":{"self":[{"href":"https:\/\/joellebitar.com\/en\/wp-json\/wp\/v2\/pages\/260","targetHints":{"allow":["GET"]}}],"collection":[{"href":"https:\/\/joellebitar.com\/en\/wp-json\/wp\/v2\/pages"}],"about":[{"href":"https:\/\/joellebitar.com\/en\/wp-json\/wp\/v2\/types\/page"}],"author":[{"embeddable":true,"href":"https:\/\/joellebitar.com\/en\/wp-json\/wp\/v2\/users\/20"}],"replies":[{"embeddable":true,"href":"https:\/\/joellebitar.com\/en\/wp-json\/wp\/v2\/comments?post=260"}],"version-history":[{"count":1,"href":"https:\/\/joellebitar.com\/en\/wp-json\/wp\/v2\/pages\/260\/revisions"}],"predecessor-version":[{"id":22774,"href":"https:\/\/joellebitar.com\/en\/wp-json\/wp\/v2\/pages\/260\/revisions\/22774"}],"wp:attachment":[{"href":"https:\/\/joellebitar.com\/en\/wp-json\/wp\/v2\/media?parent=260"}],"curies":[{"name":"wp","href":"https:\/\/api.w.org\/{rel}","templated":true}]}}