{"id":2498,"date":"2021-05-05T19:24:58","date_gmt":"2021-05-06T00:24:58","guid":{"rendered":"https:\/\/joellebitar.com\/?page_id=2498"},"modified":"2026-03-06T13:40:45","modified_gmt":"2026-03-06T17:40:45","slug":"tips-for-selling","status":"publish","type":"page","link":"https:\/\/joellebitar.com\/zh-hans\/tips-for-selling\/","title":{"rendered":"\u552e\u623f\u63d0\u793a"},"content":{"rendered":"\r\n<div class=\"wp-block-buttons is-layout-flex wp-block-buttons-is-layout-flex\"><\/div>\r\n\r\n\r\n\r\n<div class=\"section-title\"><h3>\u4e3a\u4ec0\u4e48\u8981\u548c<\/h3><h2>\u5730\u4ea7\u7ecf\u6d4e\u5408\u4f5c<\/h2><\/div>\r\n\r\n\r\n\r\n<p>\u975e\u5e38\u7b80\u5355: \u5730\u4ea7\u4ea4\u6613\u662f\u4e2a\u975e\u5e38\u590d\u6742\u7684\u8fc7\u7a0b\u3002\u968f\u7740\u65f6\u95f4\u63a8\u79fb\uff0c\u8fd9\u4e2a\u8fc7\u7a0b\u53d8\u7684\u8d8a\u6765\u8d8a\u7e41\u7410\uff1a\u623f\u5c4b\u8bc4\u4f30, \u4ef7\u683c\u8c08\u5224, \u4e70\u5bb6\u8d44\u8d28, \u9a8c\u623f, \u586b\u5199\u6cd5\u5f8b\u6587\u4ef6, \u5bf9\u4ea4\u6613\u5305\u542b\u9879\u76ee\u4ee5\u53ca\u975e\u5305\u542b\u9879\u76ee\u8fdb\u884c\u786e\u8ba4\u6838\u5b9e, \u5546\u5b9a\u8fc7\u6237\u65f6\u95f4 \u7b49\u7b49\u3002<\/p>\r\n\r\n\r\n\r\n<p>\u800c Jo\u00eblle Bitar \u53ef\u4ee5\u5e2e\u60a8\u89e3\u51b3\u5168\u90e8\u7684\u7a0b\u5e8f\u3002\u4ea4\u6613\u623f\u4ea7\u8fd9\u4e2a\u5e9e\u5927\u800c\u590d\u6742\u7684\u6d41\u7a0b\u9700\u8981\u5927\u91cf\u7684\u7ecf\u9a8c\u4ee5\u53ca\u65f6\u95f4\u6765\u5b8c\u6210\uff0c\u800c\u5979\u62e5\u6709\u5bf9\u5e02\u573a\u7684\u4e13\u4e1a\u77e5\u8bc6\uff0c\u4e86\u89e3\u4ee5\u53ca\u591a\u5e74\u57f9\u517b\u51fa\u7684\u7ecf\u9a8c\u3002\u8fd9\u786e\u4fdd\u4e86\u5979\u53ef\u4ee5\u7a33\u59a5\u5e76\u4e14\u6ca1\u6709\u610f\u5916\u7684\u5b8c\u6210\u5404\u79cd\u7c7b\u578b\u7684\u4ea4\u6613\u3002\u6b64\u5916\uff0c\u5979\u4e5f\u62e5\u6709\u5e2e\u52a9\u60a8\u8fdb\u884c\u623f\u4ea7\u5e02\u573a\u63a8\u5e7f\u7684\u5404\u79cd\u8d44\u6e90\u3002 \u4e0e Joelle Bitar \u4e00\u8d77\uff0c\u60a8\u5c06\u53d7\u76ca\u4e8e\u5979\u7684\u56e2\u961f\u6240\u5e26\u6765\u7684\u5927\u80c6\u7684\u8425\u9500\u8ba1\u5212\uff0c\u8425\u9500\u6218\u7565\u548c\u5148\u8fdb\u7684\u9500\u552e\u6280\u672f\u3002Joelle \u62e5\u6709\u5e7f\u6cdb\u7684\u4eba\u8109\uff1a\u516c\u8bc1\u5458\u3001\u6d4b\u91cf\u5e08\u3001\u5f8b\u5e08\u3001\u8bc4\u4f30\u5e08\u3001\u68c0\u67e5\u5458\u548c\u62b5\u62bc\u8d37\u6b3e\u7ecf\u7eaa\u4eba\u90fd\u5728\u5979\u7684\u8eab\u8fb9\u3002\u6545\u6b64\uff0c\u5979\u662f\u60a8\u9500\u552e\u522b\u5885\uff0c\u516c\u5bd3\u6216\u8005\u4efb\u4f55\u623f\u4ea7\u7684\u6700\u4f73\u4ee3\u7406\u4eba\u4ee5\u53ca\u5408\u4f5c\u4f19\u4f34\u3002 \u5728\u6b64\u4e4b\u4e0a\uff0c\u60a8\u8fd8\u4eab\u6709\u548c\u5730\u4ea7\u7ecf\u7eaa\u5408\u4f5c\u6240\u5e26\u6765\u7684\u5168\u90e8\u7684\u6cd5\u5f8b\u4fdd\u62a4\u4ee5\u53ca\u6cd5\u5f8b\u4fdd\u969c\u3002 \u9009\u62e9 Joelle \u56e2\u961f\uff0c\u60a8\u5373\u662f\u9009\u62e9\u4e86\u8f7b\u677e\u4e14\u65e0\u540e\u987e\u4e4b\u5fe7\u7684\u4ea4\u6613\u65b9\u5f0f\u3002<\/p>\r\n\r\n\r\n\r\n<a class=\"btn btn-remax-blue\" href=\"\/online-evaluation\">\u60a8\u7684\u623f\u4ea7\u4ef7\u503c\u591a\u5c11\uff1f<\/a>\r\n","protected":false},"excerpt":{"rendered":"<p>\u4e3a\u4ec0\u4e48\u8981\u548c \u5730\u4ea7\u7ecf\u6d4e\u5408\u4f5c \u975e\u5e38\u7b80\u5355: \u5730\u4ea7\u4ea4\u6613\u662f\u4e2a\u975e\u5e38\u590d\u6742\u7684\u8fc7\u7a0b\u3002\u968f\u7740\u65f6\u95f4\u63a8\u79fb\uff0c\u8fd9\u4e2a\u8fc7\u7a0b\u53d8\u7684\u8d8a\u6765\u8d8a\u7e41\u7410\uff1a\u623f\u5c4b\u8bc4 [&hellip;]<\/p>\n","protected":false},"author":20,"featured_media":0,"parent":0,"menu_order":0,"comment_status":"closed","ping_status":"closed","template":"template-buy-sell.php","meta":{"_acf_changed":false,"footnotes":""},"class_list":["post-2498","page","type-page","status-publish","hentry"],"acf":[],"yoast_head":"<!-- This site is optimized with the Yoast SEO plugin v26.2 - https:\/\/yoast.com\/wordpress\/plugins\/seo\/ -->\n<title>\u552e\u623f\u63d0\u793a - Joelle Bitar - Courtier Immobilier agr\u00e9\u00e9 du Groupe RE\/MAX<\/title>\n<meta name=\"description\" content=\"Joelle Bitar \u56e2\u961f\u88ab\u8bc4\u4e3a \u5168\u7403\u524d50\u540d\uff08Worldwide\uff09 \u4e2d\u7ea7\u4f4f\u5b85RE\/MAX\u56e2\u961f\u3002\u6765\u6e90\uff1aRE\/MAX, LLC, 2025\u5e74\u3002\" \/>\n<meta name=\"robots\" content=\"index, follow, max-snippet:-1, max-image-preview:large, max-video-preview:-1\" \/>\n<meta property=\"og:locale\" content=\"zh_CN\" \/>\n<meta property=\"og:type\" content=\"article\" \/>\n<meta property=\"og:title\" content=\"\u552e\u623f\u63d0\u793a - Joelle Bitar - Courtier Immobilier agr\u00e9\u00e9 du Groupe RE\/MAX\" \/>\n<meta property=\"og:description\" content=\"Joelle Bitar \u56e2\u961f\u88ab\u8bc4\u4e3a \u5168\u7403\u524d50\u540d\uff08Worldwide\uff09 \u4e2d\u7ea7\u4f4f\u5b85RE\/MAX\u56e2\u961f\u3002\u6765\u6e90\uff1aRE\/MAX, LLC, 2025\u5e74\u3002\" \/>\n<meta property=\"og:url\" content=\"https:\/\/joellebitar.com\/zh-hans\/tips-for-selling\/\" \/>\n<meta property=\"og:site_name\" content=\"Joelle Bitar\" \/>\n<meta property=\"article:publisher\" content=\"https:\/\/www.facebook.com\/Joelle-Bitar-798170733572463\/\" \/>\n<meta property=\"article:modified_time\" content=\"2026-03-06T17:40:45+00:00\" \/>\n<meta property=\"og:image\" content=\"https:\/\/joellebitar.com\/wp-content\/uploads\/2023\/04\/joelle_bitar_og.jpg\" \/>\n\t<meta property=\"og:image:width\" content=\"1920\" \/>\n\t<meta property=\"og:image:height\" content=\"1080\" \/>\n\t<meta property=\"og:image:type\" content=\"image\/jpeg\" \/>\n<meta name=\"twitter:card\" content=\"summary_large_image\" \/>\n<meta name=\"twitter:site\" content=\"@MTLrealestate2\" \/>\n<meta name=\"twitter:label1\" content=\"\u9884\u8ba1\u9605\u8bfb\u65f6\u95f4\" \/>\n\t<meta name=\"twitter:data1\" content=\"1 \u5206\" \/>\n<script type=\"application\/ld+json\" class=\"yoast-schema-graph\">{\"@context\":\"https:\/\/schema.org\",\"@graph\":[{\"@type\":\"WebPage\",\"@id\":\"https:\/\/joellebitar.com\/zh-hans\/tips-for-selling\/\",\"url\":\"https:\/\/joellebitar.com\/zh-hans\/tips-for-selling\/\",\"name\":\"\u552e\u623f\u63d0\u793a - Joelle Bitar - Courtier Immobilier agr\u00e9\u00e9 du Groupe RE\/MAX\",\"isPartOf\":{\"@id\":\"https:\/\/joellebitar.com\/zh-hans\/#website\"},\"datePublished\":\"2021-05-06T00:24:58+00:00\",\"dateModified\":\"2026-03-06T17:40:45+00:00\",\"description\":\"Joelle Bitar \u56e2\u961f\u88ab\u8bc4\u4e3a \u5168\u7403\u524d50\u540d\uff08Worldwide\uff09 \u4e2d\u7ea7\u4f4f\u5b85RE\/MAX\u56e2\u961f\u3002\u6765\u6e90\uff1aRE\/MAX, LLC, 2025\u5e74\u3002\",\"breadcrumb\":{\"@id\":\"https:\/\/joellebitar.com\/zh-hans\/tips-for-selling\/#breadcrumb\"},\"inLanguage\":\"zh-Hans\",\"potentialAction\":[{\"@type\":\"ReadAction\",\"target\":[\"https:\/\/joellebitar.com\/zh-hans\/tips-for-selling\/\"]}]},{\"@type\":\"BreadcrumbList\",\"@id\":\"https:\/\/joellebitar.com\/zh-hans\/tips-for-selling\/#breadcrumb\",\"itemListElement\":[{\"@type\":\"ListItem\",\"position\":1,\"name\":\"Home\",\"item\":\"https:\/\/joellebitar.com\/zh-hans\/\"},{\"@type\":\"ListItem\",\"position\":2,\"name\":\"\u552e\u623f\u63d0\u793a\"}]},{\"@type\":\"WebSite\",\"@id\":\"https:\/\/joellebitar.com\/zh-hans\/#website\",\"url\":\"https:\/\/joellebitar.com\/zh-hans\/\",\"name\":\"Joelle Bitar\",\"description\":\"Courtier Immobilier agr\u00e9\u00e9 du Groupe RE\/MAX\",\"publisher\":{\"@id\":\"https:\/\/joellebitar.com\/zh-hans\/#organization\"},\"potentialAction\":[{\"@type\":\"SearchAction\",\"target\":{\"@type\":\"EntryPoint\",\"urlTemplate\":\"https:\/\/joellebitar.com\/zh-hans\/?s={search_term_string}\"},\"query-input\":{\"@type\":\"PropertyValueSpecification\",\"valueRequired\":true,\"valueName\":\"search_term_string\"}}],\"inLanguage\":\"zh-Hans\"},{\"@type\":\"Organization\",\"@id\":\"https:\/\/joellebitar.com\/zh-hans\/#organization\",\"name\":\"\u00e9quipe Immobili\u00e8re Jo\u00eblle Bitar\",\"alternateName\":\"Joelle Bitar\",\"url\":\"https:\/\/joellebitar.com\/zh-hans\/\",\"logo\":{\"@type\":\"ImageObject\",\"inLanguage\":\"zh-Hans\",\"@id\":\"https:\/\/joellebitar.com\/zh-hans\/#\/schema\/logo\/image\/\",\"url\":\"https:\/\/joellebitar.com\/wp-content\/uploads\/2022\/12\/logo_color_fr.png\",\"contentUrl\":\"https:\/\/joellebitar.com\/wp-content\/uploads\/2022\/12\/logo_color_fr.png\",\"width\":1157,\"height\":282,\"caption\":\"\u00e9quipe Immobili\u00e8re Jo\u00eblle Bitar\"},\"image\":{\"@id\":\"https:\/\/joellebitar.com\/zh-hans\/#\/schema\/logo\/image\/\"},\"sameAs\":[\"https:\/\/www.facebook.com\/Joelle-Bitar-798170733572463\/\",\"https:\/\/x.com\/MTLrealestate2\",\"https:\/\/www.instagram.com\/joellebitar\/\",\"https:\/\/www.linkedin.com\/company\/jo\u00eblle-bitar-dirigeante-et-courtier-immobilier-agr\u00e9\u00e9\/posts\/?feedView=all\"]}]}<\/script>\n<!-- \/ Yoast SEO plugin. -->","yoast_head_json":{"title":"\u552e\u623f\u63d0\u793a - Joelle Bitar - Courtier Immobilier agr\u00e9\u00e9 du Groupe RE\/MAX","description":"Joelle Bitar \u56e2\u961f\u88ab\u8bc4\u4e3a \u5168\u7403\u524d50\u540d\uff08Worldwide\uff09 \u4e2d\u7ea7\u4f4f\u5b85RE\/MAX\u56e2\u961f\u3002\u6765\u6e90\uff1aRE\/MAX, LLC, 2025\u5e74\u3002","robots":{"index":"index","follow":"follow","max-snippet":"max-snippet:-1","max-image-preview":"max-image-preview:large","max-video-preview":"max-video-preview:-1"},"og_locale":"zh_CN","og_type":"article","og_title":"\u552e\u623f\u63d0\u793a - Joelle Bitar - Courtier Immobilier agr\u00e9\u00e9 du Groupe RE\/MAX","og_description":"Joelle Bitar \u56e2\u961f\u88ab\u8bc4\u4e3a \u5168\u7403\u524d50\u540d\uff08Worldwide\uff09 \u4e2d\u7ea7\u4f4f\u5b85RE\/MAX\u56e2\u961f\u3002\u6765\u6e90\uff1aRE\/MAX, LLC, 2025\u5e74\u3002","og_url":"https:\/\/joellebitar.com\/zh-hans\/tips-for-selling\/","og_site_name":"Joelle Bitar","article_publisher":"https:\/\/www.facebook.com\/Joelle-Bitar-798170733572463\/","article_modified_time":"2026-03-06T17:40:45+00:00","og_image":[{"width":1920,"height":1080,"url":"https:\/\/joellebitar.com\/wp-content\/uploads\/2023\/04\/joelle_bitar_og.jpg","type":"image\/jpeg"}],"twitter_card":"summary_large_image","twitter_site":"@MTLrealestate2","twitter_misc":{"\u9884\u8ba1\u9605\u8bfb\u65f6\u95f4":"1 \u5206"},"schema":{"@context":"https:\/\/schema.org","@graph":[{"@type":"WebPage","@id":"https:\/\/joellebitar.com\/zh-hans\/tips-for-selling\/","url":"https:\/\/joellebitar.com\/zh-hans\/tips-for-selling\/","name":"\u552e\u623f\u63d0\u793a - Joelle Bitar - Courtier Immobilier agr\u00e9\u00e9 du Groupe RE\/MAX","isPartOf":{"@id":"https:\/\/joellebitar.com\/zh-hans\/#website"},"datePublished":"2021-05-06T00:24:58+00:00","dateModified":"2026-03-06T17:40:45+00:00","description":"Joelle Bitar \u56e2\u961f\u88ab\u8bc4\u4e3a \u5168\u7403\u524d50\u540d\uff08Worldwide\uff09 \u4e2d\u7ea7\u4f4f\u5b85RE\/MAX\u56e2\u961f\u3002\u6765\u6e90\uff1aRE\/MAX, LLC, 2025\u5e74\u3002","breadcrumb":{"@id":"https:\/\/joellebitar.com\/zh-hans\/tips-for-selling\/#breadcrumb"},"inLanguage":"zh-Hans","potentialAction":[{"@type":"ReadAction","target":["https:\/\/joellebitar.com\/zh-hans\/tips-for-selling\/"]}]},{"@type":"BreadcrumbList","@id":"https:\/\/joellebitar.com\/zh-hans\/tips-for-selling\/#breadcrumb","itemListElement":[{"@type":"ListItem","position":1,"name":"Home","item":"https:\/\/joellebitar.com\/zh-hans\/"},{"@type":"ListItem","position":2,"name":"\u552e\u623f\u63d0\u793a"}]},{"@type":"WebSite","@id":"https:\/\/joellebitar.com\/zh-hans\/#website","url":"https:\/\/joellebitar.com\/zh-hans\/","name":"Joelle Bitar","description":"Courtier Immobilier agr\u00e9\u00e9 du Groupe RE\/MAX","publisher":{"@id":"https:\/\/joellebitar.com\/zh-hans\/#organization"},"potentialAction":[{"@type":"SearchAction","target":{"@type":"EntryPoint","urlTemplate":"https:\/\/joellebitar.com\/zh-hans\/?s={search_term_string}"},"query-input":{"@type":"PropertyValueSpecification","valueRequired":true,"valueName":"search_term_string"}}],"inLanguage":"zh-Hans"},{"@type":"Organization","@id":"https:\/\/joellebitar.com\/zh-hans\/#organization","name":"\u00e9quipe Immobili\u00e8re Jo\u00eblle Bitar","alternateName":"Joelle Bitar","url":"https:\/\/joellebitar.com\/zh-hans\/","logo":{"@type":"ImageObject","inLanguage":"zh-Hans","@id":"https:\/\/joellebitar.com\/zh-hans\/#\/schema\/logo\/image\/","url":"https:\/\/joellebitar.com\/wp-content\/uploads\/2022\/12\/logo_color_fr.png","contentUrl":"https:\/\/joellebitar.com\/wp-content\/uploads\/2022\/12\/logo_color_fr.png","width":1157,"height":282,"caption":"\u00e9quipe Immobili\u00e8re Jo\u00eblle Bitar"},"image":{"@id":"https:\/\/joellebitar.com\/zh-hans\/#\/schema\/logo\/image\/"},"sameAs":["https:\/\/www.facebook.com\/Joelle-Bitar-798170733572463\/","https:\/\/x.com\/MTLrealestate2","https:\/\/www.instagram.com\/joellebitar\/","https:\/\/www.linkedin.com\/company\/jo\u00eblle-bitar-dirigeante-et-courtier-immobilier-agr\u00e9\u00e9\/posts\/?feedView=all"]}]}},"_links":{"self":[{"href":"https:\/\/joellebitar.com\/zh-hans\/wp-json\/wp\/v2\/pages\/2498","targetHints":{"allow":["GET"]}}],"collection":[{"href":"https:\/\/joellebitar.com\/zh-hans\/wp-json\/wp\/v2\/pages"}],"about":[{"href":"https:\/\/joellebitar.com\/zh-hans\/wp-json\/wp\/v2\/types\/page"}],"author":[{"embeddable":true,"href":"https:\/\/joellebitar.com\/zh-hans\/wp-json\/wp\/v2\/users\/20"}],"replies":[{"embeddable":true,"href":"https:\/\/joellebitar.com\/zh-hans\/wp-json\/wp\/v2\/comments?post=2498"}],"version-history":[{"count":1,"href":"https:\/\/joellebitar.com\/zh-hans\/wp-json\/wp\/v2\/pages\/2498\/revisions"}],"predecessor-version":[{"id":22786,"href":"https:\/\/joellebitar.com\/zh-hans\/wp-json\/wp\/v2\/pages\/2498\/revisions\/22786"}],"wp:attachment":[{"href":"https:\/\/joellebitar.com\/zh-hans\/wp-json\/wp\/v2\/media?parent=2498"}],"curies":[{"name":"wp","href":"https:\/\/api.w.org\/{rel}","templated":true}]}}