{"id":2526,"date":"2021-05-08T14:38:47","date_gmt":"2021-05-08T19:38:47","guid":{"rendered":"https:\/\/joellebitar.com\/?page_id=2526"},"modified":"2026-03-06T13:40:31","modified_gmt":"2026-03-06T17:40:31","slug":"tips-for-buying","status":"publish","type":"page","link":"https:\/\/joellebitar.com\/zh-hans\/tips-for-buying\/","title":{"rendered":"\u8d2d\u623f\u63d0\u793a"},"content":{"rendered":"\r\n<div class=\"section-title\"><h3>\u4e3a\u4ec0\u4e48\u8981\u4e0e<\/h3><h2>\u5730\u4ea7\u7ecf\u7eaa\u5408\u4f5c<\/h2><\/div>\r\n\r\n\r\n\r\n<p>\u5bf9\u5927\u591a\u6570\u4eba\u6765\u8bf4\uff0c\u8d2d\u4e70\u623f\u5c4b\u3001\u516c\u5bd3\u6216\u4efb\u4f55\u5176\u4ed6\u7c7b\u578b\u7684\u623f\u4ea7\u662f\u4ed6\u4eec\u4e00\u751f\u4e2d\u6700\u5927\u7684\u6295\u8d44\u3002\u641c\u7d22\u3001\u8bbf\u95ee\u3001\u62a5\u4ef7\u3001\u8c08\u5224\u3001\u8fd8\u4ef7\u3001\u5546\u4e1a\u3001\u6cd5\u5f8b\u548c\u8d22\u52a1\u65b9\u65b9\u9762\u9762\u90fd\u8981\u8003\u8651\uff0c\u8fd9\u4e2a\u8fc7\u7a0b\u8fdc\u975e\u7b80\u5355\u3002\u623f\u5730\u4ea7\u7ecf\u7eaa\u4eba\u7684\u4e13\u4e1a\u670d\u52a1\u6709\u52a9\u4e8e\u8d2d\u4e70\u4ea4\u6613\u7684\u6bcf\u4e00\u6b65\u7684\u6210\u529f\u3002\u6b64\u5916\uff0c\u4e0e\u623f\u5730\u4ea7\u7ecf\u7eaa\u4eba\u505a\u751f\u610f\u53ef\u4ee5\u786e\u4fdd\u4f60\u53d7\u5230\u6cd5\u5f8b\u7684\u4fdd\u62a4\u3002\u91cd\u8981\u7684\u662f\u8981\u8bb0\u4f4f\uff0c\u4f5c\u4e3a\u4e70\u65b9\uff0c\u5ba2\u6237\u4e0d\u9700\u8981\u4e3a\u623f\u5730\u4ea7\u7ecf\u7eaa\u4eba\u7684\u670d\u52a1\u652f\u4ed8\u4efb\u4f55\u8d39\u7528\uff0c\u56e0\u4e3a\u8fd9\u4e9b\u670d\u52a1\u662f\u7531\u5356\u65b9\u63d0\u4f9b\u7684\u3002\u90a3\u4e48\uff0c\u4e3a\u4ec0\u4e48\u4e0d\u8fd9\u6837\u505a\uff0c\u800c\u8981\u5265\u593a\u81ea\u5df1\u4e0e\u6700\u4f73\u7ecf\u7eaa\u4eba\u6253\u4ea4\u9053\u7684\u673a\u4f1a\u5462\uff1f<\/p>\r\n\r\n\r\n\r\n<p>Jo\u00eblle Bitar\u548c\u5979\u7684\u56e2\u961f\u5c06\u4ee3\u8868\u60a8\u5e76\u6307\u5bfc\u60a8\u7684\u623f\u5730\u4ea7\u9879\u76ee\u3002\u5728\u5f00\u59cb\u7814\u7a76\u4e4b\u524d\uff0c\u91cd\u8981\u7684\u662f\u8981\u77e5\u9053\u4f60\u7684\u9700\u6c42\uff0c\u5e76\u4e14\u8981\u6709\u62b5\u62bc\u8d37\u6b3e\u9884\u5148\u6279\u51c6\uff0c\u5bf9\u4f60\u60f3\u8981\u7684\u623f\u4ea7\u548c\u4f60\u7684\u9884\u7b97\u6709\u4e00\u4e2a\u660e\u786e\u7684\u6982\u5ff5\u3002\u7136\u540e\uff0c\u6211\u4eec\u5c06\u5f00\u59cb\u7814\u7a76\uff0c\u627e\u5230\u4f60\u68a6\u60f3\u4e2d\u7684\u623f\u4ea7\u3002\u6211\u4eec\u5c06\u81ea\u59cb\u81f3\u7ec8\u4e3a\u60a8\u63d0\u4f9b\u6307\u5bfc\u3002<\/p>\r\n","protected":false},"excerpt":{"rendered":"<p>\u4e3a\u4ec0\u4e48\u8981\u4e0e \u5730\u4ea7\u7ecf\u7eaa\u5408\u4f5c \u5bf9\u5927\u591a\u6570\u4eba\u6765\u8bf4\uff0c\u8d2d\u4e70\u623f\u5c4b\u3001\u516c\u5bd3\u6216\u4efb\u4f55\u5176\u4ed6\u7c7b\u578b\u7684\u623f\u4ea7\u662f\u4ed6\u4eec\u4e00\u751f\u4e2d\u6700\u5927\u7684\u6295\u8d44\u3002\u641c\u7d22\u3001\u8bbf\u95ee [&hellip;]<\/p>\n","protected":false},"author":20,"featured_media":0,"parent":0,"menu_order":0,"comment_status":"closed","ping_status":"closed","template":"template-buy-sell.php","meta":{"_acf_changed":false,"footnotes":""},"class_list":["post-2526","page","type-page","status-publish","hentry"],"acf":[],"yoast_head":"<!-- This site is optimized with the Yoast SEO plugin v26.2 - https:\/\/yoast.com\/wordpress\/plugins\/seo\/ -->\n<title>\u8d2d\u623f\u63d0\u793a - Joelle Bitar - Courtier Immobilier agr\u00e9\u00e9 du Groupe RE\/MAX<\/title>\n<meta name=\"description\" content=\"Joelle Bitar \u56e2\u961f\u88ab\u8bc4\u4e3a \u5168\u7403\u524d50\u540d\uff08Worldwide\uff09 \u4e2d\u7ea7\u4f4f\u5b85RE\/MAX\u56e2\u961f\u3002\u6765\u6e90\uff1aRE\/MAX, LLC, 2025\u5e74\u3002\" \/>\n<meta name=\"robots\" content=\"index, follow, max-snippet:-1, max-image-preview:large, max-video-preview:-1\" \/>\n<meta property=\"og:locale\" content=\"zh_CN\" \/>\n<meta property=\"og:type\" content=\"article\" \/>\n<meta property=\"og:title\" content=\"\u8d2d\u623f\u63d0\u793a - Joelle Bitar - Courtier Immobilier agr\u00e9\u00e9 du Groupe RE\/MAX\" \/>\n<meta property=\"og:description\" content=\"Joelle Bitar \u56e2\u961f\u88ab\u8bc4\u4e3a \u5168\u7403\u524d50\u540d\uff08Worldwide\uff09 \u4e2d\u7ea7\u4f4f\u5b85RE\/MAX\u56e2\u961f\u3002\u6765\u6e90\uff1aRE\/MAX, LLC, 2025\u5e74\u3002\" \/>\n<meta property=\"og:url\" content=\"https:\/\/joellebitar.com\/zh-hans\/tips-for-buying\/\" \/>\n<meta property=\"og:site_name\" content=\"Joelle Bitar\" \/>\n<meta property=\"article:publisher\" content=\"https:\/\/www.facebook.com\/Joelle-Bitar-798170733572463\/\" \/>\n<meta property=\"article:modified_time\" content=\"2026-03-06T17:40:31+00:00\" \/>\n<meta property=\"og:image\" content=\"https:\/\/joellebitar.com\/wp-content\/uploads\/2023\/04\/joelle_bitar_og.jpg\" \/>\n\t<meta property=\"og:image:width\" content=\"1920\" \/>\n\t<meta property=\"og:image:height\" content=\"1080\" \/>\n\t<meta property=\"og:image:type\" content=\"image\/jpeg\" \/>\n<meta name=\"twitter:card\" content=\"summary_large_image\" \/>\n<meta name=\"twitter:site\" content=\"@MTLrealestate2\" \/>\n<meta name=\"twitter:label1\" content=\"\u9884\u8ba1\u9605\u8bfb\u65f6\u95f4\" \/>\n\t<meta name=\"twitter:data1\" content=\"1 \u5206\" \/>\n<script type=\"application\/ld+json\" class=\"yoast-schema-graph\">{\"@context\":\"https:\/\/schema.org\",\"@graph\":[{\"@type\":\"WebPage\",\"@id\":\"https:\/\/joellebitar.com\/zh-hans\/tips-for-buying\/\",\"url\":\"https:\/\/joellebitar.com\/zh-hans\/tips-for-buying\/\",\"name\":\"\u8d2d\u623f\u63d0\u793a - Joelle Bitar - Courtier Immobilier agr\u00e9\u00e9 du Groupe RE\/MAX\",\"isPartOf\":{\"@id\":\"https:\/\/joellebitar.com\/zh-hans\/#website\"},\"datePublished\":\"2021-05-08T19:38:47+00:00\",\"dateModified\":\"2026-03-06T17:40:31+00:00\",\"description\":\"Joelle Bitar \u56e2\u961f\u88ab\u8bc4\u4e3a \u5168\u7403\u524d50\u540d\uff08Worldwide\uff09 \u4e2d\u7ea7\u4f4f\u5b85RE\/MAX\u56e2\u961f\u3002\u6765\u6e90\uff1aRE\/MAX, LLC, 2025\u5e74\u3002\",\"breadcrumb\":{\"@id\":\"https:\/\/joellebitar.com\/zh-hans\/tips-for-buying\/#breadcrumb\"},\"inLanguage\":\"zh-Hans\",\"potentialAction\":[{\"@type\":\"ReadAction\",\"target\":[\"https:\/\/joellebitar.com\/zh-hans\/tips-for-buying\/\"]}]},{\"@type\":\"BreadcrumbList\",\"@id\":\"https:\/\/joellebitar.com\/zh-hans\/tips-for-buying\/#breadcrumb\",\"itemListElement\":[{\"@type\":\"ListItem\",\"position\":1,\"name\":\"Home\",\"item\":\"https:\/\/joellebitar.com\/zh-hans\/\"},{\"@type\":\"ListItem\",\"position\":2,\"name\":\"\u8d2d\u623f\u63d0\u793a\"}]},{\"@type\":\"WebSite\",\"@id\":\"https:\/\/joellebitar.com\/zh-hans\/#website\",\"url\":\"https:\/\/joellebitar.com\/zh-hans\/\",\"name\":\"Joelle Bitar\",\"description\":\"Courtier Immobilier agr\u00e9\u00e9 du Groupe RE\/MAX\",\"publisher\":{\"@id\":\"https:\/\/joellebitar.com\/zh-hans\/#organization\"},\"potentialAction\":[{\"@type\":\"SearchAction\",\"target\":{\"@type\":\"EntryPoint\",\"urlTemplate\":\"https:\/\/joellebitar.com\/zh-hans\/?s={search_term_string}\"},\"query-input\":{\"@type\":\"PropertyValueSpecification\",\"valueRequired\":true,\"valueName\":\"search_term_string\"}}],\"inLanguage\":\"zh-Hans\"},{\"@type\":\"Organization\",\"@id\":\"https:\/\/joellebitar.com\/zh-hans\/#organization\",\"name\":\"\u00e9quipe Immobili\u00e8re Jo\u00eblle Bitar\",\"alternateName\":\"Joelle Bitar\",\"url\":\"https:\/\/joellebitar.com\/zh-hans\/\",\"logo\":{\"@type\":\"ImageObject\",\"inLanguage\":\"zh-Hans\",\"@id\":\"https:\/\/joellebitar.com\/zh-hans\/#\/schema\/logo\/image\/\",\"url\":\"https:\/\/joellebitar.com\/wp-content\/uploads\/2022\/12\/logo_color_fr.png\",\"contentUrl\":\"https:\/\/joellebitar.com\/wp-content\/uploads\/2022\/12\/logo_color_fr.png\",\"width\":1157,\"height\":282,\"caption\":\"\u00e9quipe Immobili\u00e8re Jo\u00eblle Bitar\"},\"image\":{\"@id\":\"https:\/\/joellebitar.com\/zh-hans\/#\/schema\/logo\/image\/\"},\"sameAs\":[\"https:\/\/www.facebook.com\/Joelle-Bitar-798170733572463\/\",\"https:\/\/x.com\/MTLrealestate2\",\"https:\/\/www.instagram.com\/joellebitar\/\",\"https:\/\/www.linkedin.com\/company\/jo\u00eblle-bitar-dirigeante-et-courtier-immobilier-agr\u00e9\u00e9\/posts\/?feedView=all\"]}]}<\/script>\n<!-- \/ Yoast SEO plugin. -->","yoast_head_json":{"title":"\u8d2d\u623f\u63d0\u793a - Joelle Bitar - Courtier Immobilier agr\u00e9\u00e9 du Groupe RE\/MAX","description":"Joelle Bitar \u56e2\u961f\u88ab\u8bc4\u4e3a \u5168\u7403\u524d50\u540d\uff08Worldwide\uff09 \u4e2d\u7ea7\u4f4f\u5b85RE\/MAX\u56e2\u961f\u3002\u6765\u6e90\uff1aRE\/MAX, LLC, 2025\u5e74\u3002","robots":{"index":"index","follow":"follow","max-snippet":"max-snippet:-1","max-image-preview":"max-image-preview:large","max-video-preview":"max-video-preview:-1"},"og_locale":"zh_CN","og_type":"article","og_title":"\u8d2d\u623f\u63d0\u793a - Joelle Bitar - Courtier Immobilier agr\u00e9\u00e9 du Groupe RE\/MAX","og_description":"Joelle Bitar \u56e2\u961f\u88ab\u8bc4\u4e3a \u5168\u7403\u524d50\u540d\uff08Worldwide\uff09 \u4e2d\u7ea7\u4f4f\u5b85RE\/MAX\u56e2\u961f\u3002\u6765\u6e90\uff1aRE\/MAX, LLC, 2025\u5e74\u3002","og_url":"https:\/\/joellebitar.com\/zh-hans\/tips-for-buying\/","og_site_name":"Joelle Bitar","article_publisher":"https:\/\/www.facebook.com\/Joelle-Bitar-798170733572463\/","article_modified_time":"2026-03-06T17:40:31+00:00","og_image":[{"width":1920,"height":1080,"url":"https:\/\/joellebitar.com\/wp-content\/uploads\/2023\/04\/joelle_bitar_og.jpg","type":"image\/jpeg"}],"twitter_card":"summary_large_image","twitter_site":"@MTLrealestate2","twitter_misc":{"\u9884\u8ba1\u9605\u8bfb\u65f6\u95f4":"1 \u5206"},"schema":{"@context":"https:\/\/schema.org","@graph":[{"@type":"WebPage","@id":"https:\/\/joellebitar.com\/zh-hans\/tips-for-buying\/","url":"https:\/\/joellebitar.com\/zh-hans\/tips-for-buying\/","name":"\u8d2d\u623f\u63d0\u793a - Joelle Bitar - Courtier Immobilier agr\u00e9\u00e9 du Groupe RE\/MAX","isPartOf":{"@id":"https:\/\/joellebitar.com\/zh-hans\/#website"},"datePublished":"2021-05-08T19:38:47+00:00","dateModified":"2026-03-06T17:40:31+00:00","description":"Joelle Bitar \u56e2\u961f\u88ab\u8bc4\u4e3a \u5168\u7403\u524d50\u540d\uff08Worldwide\uff09 \u4e2d\u7ea7\u4f4f\u5b85RE\/MAX\u56e2\u961f\u3002\u6765\u6e90\uff1aRE\/MAX, LLC, 2025\u5e74\u3002","breadcrumb":{"@id":"https:\/\/joellebitar.com\/zh-hans\/tips-for-buying\/#breadcrumb"},"inLanguage":"zh-Hans","potentialAction":[{"@type":"ReadAction","target":["https:\/\/joellebitar.com\/zh-hans\/tips-for-buying\/"]}]},{"@type":"BreadcrumbList","@id":"https:\/\/joellebitar.com\/zh-hans\/tips-for-buying\/#breadcrumb","itemListElement":[{"@type":"ListItem","position":1,"name":"Home","item":"https:\/\/joellebitar.com\/zh-hans\/"},{"@type":"ListItem","position":2,"name":"\u8d2d\u623f\u63d0\u793a"}]},{"@type":"WebSite","@id":"https:\/\/joellebitar.com\/zh-hans\/#website","url":"https:\/\/joellebitar.com\/zh-hans\/","name":"Joelle Bitar","description":"Courtier Immobilier agr\u00e9\u00e9 du Groupe RE\/MAX","publisher":{"@id":"https:\/\/joellebitar.com\/zh-hans\/#organization"},"potentialAction":[{"@type":"SearchAction","target":{"@type":"EntryPoint","urlTemplate":"https:\/\/joellebitar.com\/zh-hans\/?s={search_term_string}"},"query-input":{"@type":"PropertyValueSpecification","valueRequired":true,"valueName":"search_term_string"}}],"inLanguage":"zh-Hans"},{"@type":"Organization","@id":"https:\/\/joellebitar.com\/zh-hans\/#organization","name":"\u00e9quipe Immobili\u00e8re Jo\u00eblle Bitar","alternateName":"Joelle Bitar","url":"https:\/\/joellebitar.com\/zh-hans\/","logo":{"@type":"ImageObject","inLanguage":"zh-Hans","@id":"https:\/\/joellebitar.com\/zh-hans\/#\/schema\/logo\/image\/","url":"https:\/\/joellebitar.com\/wp-content\/uploads\/2022\/12\/logo_color_fr.png","contentUrl":"https:\/\/joellebitar.com\/wp-content\/uploads\/2022\/12\/logo_color_fr.png","width":1157,"height":282,"caption":"\u00e9quipe Immobili\u00e8re Jo\u00eblle Bitar"},"image":{"@id":"https:\/\/joellebitar.com\/zh-hans\/#\/schema\/logo\/image\/"},"sameAs":["https:\/\/www.facebook.com\/Joelle-Bitar-798170733572463\/","https:\/\/x.com\/MTLrealestate2","https:\/\/www.instagram.com\/joellebitar\/","https:\/\/www.linkedin.com\/company\/jo\u00eblle-bitar-dirigeante-et-courtier-immobilier-agr\u00e9\u00e9\/posts\/?feedView=all"]}]}},"_links":{"self":[{"href":"https:\/\/joellebitar.com\/zh-hans\/wp-json\/wp\/v2\/pages\/2526","targetHints":{"allow":["GET"]}}],"collection":[{"href":"https:\/\/joellebitar.com\/zh-hans\/wp-json\/wp\/v2\/pages"}],"about":[{"href":"https:\/\/joellebitar.com\/zh-hans\/wp-json\/wp\/v2\/types\/page"}],"author":[{"embeddable":true,"href":"https:\/\/joellebitar.com\/zh-hans\/wp-json\/wp\/v2\/users\/20"}],"replies":[{"embeddable":true,"href":"https:\/\/joellebitar.com\/zh-hans\/wp-json\/wp\/v2\/comments?post=2526"}],"version-history":[{"count":1,"href":"https:\/\/joellebitar.com\/zh-hans\/wp-json\/wp\/v2\/pages\/2526\/revisions"}],"predecessor-version":[{"id":22785,"href":"https:\/\/joellebitar.com\/zh-hans\/wp-json\/wp\/v2\/pages\/2526\/revisions\/22785"}],"wp:attachment":[{"href":"https:\/\/joellebitar.com\/zh-hans\/wp-json\/wp\/v2\/media?parent=2526"}],"curies":[{"name":"wp","href":"https:\/\/api.w.org\/{rel}","templated":true}]}}